{"id":12,"date":"2023-11-18T17:36:51","date_gmt":"2023-11-18T17:36:51","guid":{"rendered":"https:\/\/sari-holding.com\/?page_id=12"},"modified":"2025-05-20T19:21:17","modified_gmt":"2025-05-20T19:21:17","slug":"inicio","status":"publish","type":"page","link":"https:\/\/sari-holding.com\/","title":{"rendered":"Inicio"},"content":{"rendered":"\t\t<div data-elementor-type=\"wp-page\" data-elementor-id=\"12\" class=\"elementor elementor-12\">\n\t\t\t\t\t\t\t<div class=\"elementor-element elementor-element-d642062 e-flex e-con-boxed e-con e-parent\" data-id=\"d642062\" data-element_type=\"container\" data-settings=\"{&quot;content_width&quot;:&quot;boxed&quot;}\" data-core-v316-plus=\"true\">\n\t\t\t\t\t<div class=\"e-con-inner\">\n\t\t\t\t<div class=\"elementor-element elementor-element-809cb36 elementor-widget elementor-widget-heading\" data-id=\"809cb36\" data-element_type=\"widget\" data-widget_type=\"heading.default\">\n\t\t\t\t<div class=\"elementor-widget-container\">\n\t\t\t<style>\/*! elementor - v3.17.0 - 08-11-2023 *\/\n.elementor-heading-title{padding:0;margin:0;line-height:1}.elementor-widget-heading .elementor-heading-title[class*=elementor-size-]>a{color:inherit;font-size:inherit;line-height:inherit}.elementor-widget-heading .elementor-heading-title.elementor-size-small{font-size:15px}.elementor-widget-heading .elementor-heading-title.elementor-size-medium{font-size:19px}.elementor-widget-heading .elementor-heading-title.elementor-size-large{font-size:29px}.elementor-widget-heading .elementor-heading-title.elementor-size-xl{font-size:39px}.elementor-widget-heading .elementor-heading-title.elementor-size-xxl{font-size:59px}<\/style><h2 class=\"elementor-heading-title elementor-size-default\">Sari Holding se integra por 4 compa\u00f1\u00edas<\/h2>\t\t<\/div>\n\t\t\t\t<\/div>\n\t\t\t\t\t<\/div>\n\t\t\t\t<\/div>\n\t\t<div class=\"elementor-element elementor-element-4e92d9c e-flex e-con-boxed e-con e-parent\" data-id=\"4e92d9c\" data-element_type=\"container\" data-settings=\"{&quot;content_width&quot;:&quot;boxed&quot;}\" data-core-v316-plus=\"true\">\n\t\t\t\t\t<div class=\"e-con-inner\">\n\t\t<div class=\"elementor-element elementor-element-b9f8551 e-con-full e-flex e-con e-child\" data-id=\"b9f8551\" data-element_type=\"container\" data-settings=\"{&quot;content_width&quot;:&quot;full&quot;}\">\n\t\t\t\t<div class=\"elementor-element elementor-element-11fcf34 elementor-widget elementor-widget-text-editor\" data-id=\"11fcf34\" data-element_type=\"widget\" data-widget_type=\"text-editor.default\">\n\t\t\t\t<div class=\"elementor-widget-container\">\n\t\t\t<style>\/*! elementor - v3.17.0 - 08-11-2023 *\/\n.elementor-widget-text-editor.elementor-drop-cap-view-stacked .elementor-drop-cap{background-color:#69727d;color:#fff}.elementor-widget-text-editor.elementor-drop-cap-view-framed .elementor-drop-cap{color:#69727d;border:3px solid;background-color:transparent}.elementor-widget-text-editor:not(.elementor-drop-cap-view-default) .elementor-drop-cap{margin-top:8px}.elementor-widget-text-editor:not(.elementor-drop-cap-view-default) .elementor-drop-cap-letter{width:1em;height:1em}.elementor-widget-text-editor .elementor-drop-cap{float:left;text-align:center;line-height:1;font-size:50px}.elementor-widget-text-editor .elementor-drop-cap-letter{display:inline-block}<\/style>\t\t\t\t<div class=\"elementor-element elementor-element-94a410c elementor-widget elementor-widget-heading\" data-id=\"94a410c\" data-element_type=\"widget\" data-widget_type=\"heading.default\"><div class=\"elementor-widget-container\"><h2 class=\"elementor-heading-title elementor-size-default\">INTEGRITY INSIDE<\/h2><\/div><\/div><div class=\"elementor-element elementor-element-56a9bb0 elementor-widget elementor-widget-text-editor\" data-id=\"56a9bb0\" data-element_type=\"widget\" data-widget_type=\"text-editor.default\"><div class=\"elementor-widget-container\"><p>Con operaciones en M\u00e9xico y con expansi\u00f3n a USA. Actualmente la empresa esta certific\u00e1ndose para poder ofrecer este servicio en USA<\/p><\/div><\/div>\t\t\t\t\t\t<\/div>\n\t\t\t\t<\/div>\n\t\t\t\t<\/div>\n\t\t<div class=\"elementor-element elementor-element-a649e2d e-con-full e-flex e-con e-child\" data-id=\"a649e2d\" data-element_type=\"container\" data-settings=\"{&quot;content_width&quot;:&quot;full&quot;}\">\n\t\t\t\t<\/div>\n\t\t\t\t\t<\/div>\n\t\t\t\t<\/div>\n\t\t<div class=\"elementor-element elementor-element-1b25c3e e-flex e-con-boxed e-con e-parent\" data-id=\"1b25c3e\" data-element_type=\"container\" data-settings=\"{&quot;content_width&quot;:&quot;boxed&quot;}\" data-core-v316-plus=\"true\">\n\t\t\t\t\t<div class=\"e-con-inner\">\n\t\t<div class=\"elementor-element elementor-element-e761e5f e-con-full e-flex e-con e-child\" data-id=\"e761e5f\" data-element_type=\"container\" data-settings=\"{&quot;content_width&quot;:&quot;full&quot;}\">\n\t\t\t\t<div class=\"elementor-element elementor-element-b728472 elementor-widget elementor-widget-text-editor\" data-id=\"b728472\" data-element_type=\"widget\" data-widget_type=\"text-editor.default\">\n\t\t\t\t<div class=\"elementor-widget-container\">\n\t\t\t\t\t\t\t<div class=\"elementor-element elementor-element-ea55e07 elementor-widget elementor-widget-heading\" data-id=\"ea55e07\" data-element_type=\"widget\" data-widget_type=\"heading.default\"><div class=\"elementor-widget-container\"><h2 class=\"elementor-heading-title elementor-size-default\">Carjim Holdings, LLC<\/h2><\/div><\/div><div class=\"elementor-element elementor-element-deb743a elementor-widget elementor-widget-text-editor\" data-id=\"deb743a\" data-element_type=\"widget\" data-widget_type=\"text-editor.default\"><div class=\"elementor-widget-container\"><p>Empresa de Real Estate. Compra \u2013 Remodelaci\u00f3n y venta de propiedades. Venta de casas, inmuebles y terrenos. Buscamos las mejores propiedades para\u00a0 ayudar a nuestro clientes a determinar exactamente qu\u00e9, d\u00f3nde y cu\u00e1ndo comprar o vender.<\/p><\/div><\/div>\t\t\t\t\t\t<\/div>\n\t\t\t\t<\/div>\n\t\t\t\t<\/div>\n\t\t<div class=\"elementor-element elementor-element-b762769 e-con-full e-flex e-con e-child\" data-id=\"b762769\" data-element_type=\"container\" data-settings=\"{&quot;content_width&quot;:&quot;full&quot;}\">\n\t\t\t\t<div class=\"elementor-element elementor-element-f95cff9 elementor-widget elementor-widget-image\" data-id=\"f95cff9\" data-element_type=\"widget\" data-widget_type=\"image.default\">\n\t\t\t\t<div class=\"elementor-widget-container\">\n\t\t\t<style>\/*! elementor - v3.17.0 - 08-11-2023 *\/\n.elementor-widget-image{text-align:center}.elementor-widget-image a{display:inline-block}.elementor-widget-image a img[src$=\".svg\"]{width:48px}.elementor-widget-image img{vertical-align:middle;display:inline-block}<\/style>\t\t\t\t\t\t\t\t\t\t\t\t<img fetchpriority=\"high\" decoding=\"async\" width=\"626\" height=\"323\" src=\"https:\/\/sari-holding.com\/wp-content\/uploads\/2023\/11\/carjim.png\" class=\"attachment-large size-large wp-image-54\" alt=\"\" srcset=\"https:\/\/sari-holding.com\/wp-content\/uploads\/2023\/11\/carjim.png 626w, https:\/\/sari-holding.com\/wp-content\/uploads\/2023\/11\/carjim-300x155.png 300w\" sizes=\"100vw\" \/>\t\t\t\t\t\t\t\t\t\t\t\t\t\t\t<\/div>\n\t\t\t\t<\/div>\n\t\t\t\t<\/div>\n\t\t\t\t\t<\/div>\n\t\t\t\t<\/div>\n\t\t<div class=\"elementor-element elementor-element-b7bc055 e-flex e-con-boxed e-con e-parent\" data-id=\"b7bc055\" data-element_type=\"container\" data-settings=\"{&quot;content_width&quot;:&quot;boxed&quot;}\" data-core-v316-plus=\"true\">\n\t\t\t\t\t<div class=\"e-con-inner\">\n\t\t<div class=\"elementor-element elementor-element-f60f4ed e-con-full e-flex e-con e-child\" data-id=\"f60f4ed\" data-element_type=\"container\" data-settings=\"{&quot;content_width&quot;:&quot;full&quot;}\">\n\t\t\t\t<div class=\"elementor-element elementor-element-a4c074c elementor-widget elementor-widget-text-editor\" data-id=\"a4c074c\" data-element_type=\"widget\" data-widget_type=\"text-editor.default\">\n\t\t\t\t<div class=\"elementor-widget-container\">\n\t\t\t\t\t\t\t<h2 class=\"elementor-heading-title elementor-size-default\">1-Tequila Time, LLC<\/h2><p>Es una empresa constituida en San Antonio Texas. Distribuci\u00f3n de Tequila. Actualmente la empresa mexicana esta obteniendo todas las licencias correspondientes para poder exportar de M\u00e9xico a USA. Las ventas ser\u00e1n exclusivamente a distribuidores.<\/p>\t\t\t\t\t\t<\/div>\n\t\t\t\t<\/div>\n\t\t\t\t<\/div>\n\t\t<div class=\"elementor-element elementor-element-fc60567 e-con-full e-flex e-con e-child\" data-id=\"fc60567\" data-element_type=\"container\" data-settings=\"{&quot;content_width&quot;:&quot;full&quot;}\">\n\t\t\t\t<div class=\"elementor-element elementor-element-6ded76f elementor-widget elementor-widget-image\" data-id=\"6ded76f\" data-element_type=\"widget\" data-widget_type=\"image.default\">\n\t\t\t\t<div class=\"elementor-widget-container\">\n\t\t\t\t\t\t\t\t\t\t\t\t\t\t\t<img decoding=\"async\" width=\"445\" height=\"423\" src=\"https:\/\/sari-holding.com\/wp-content\/uploads\/2023\/11\/1tequilatime.png\" class=\"attachment-large size-large wp-image-53\" alt=\"\" srcset=\"https:\/\/sari-holding.com\/wp-content\/uploads\/2023\/11\/1tequilatime.png 445w, https:\/\/sari-holding.com\/wp-content\/uploads\/2023\/11\/1tequilatime-300x285.png 300w\" sizes=\"100vw\" \/>\t\t\t\t\t\t\t\t\t\t\t\t\t\t\t<\/div>\n\t\t\t\t<\/div>\n\t\t\t\t<\/div>\n\t\t\t\t\t<\/div>\n\t\t\t\t<\/div>\n\t\t<div class=\"elementor-element elementor-element-b77b340 e-flex e-con-boxed e-con e-parent\" data-id=\"b77b340\" data-element_type=\"container\" data-settings=\"{&quot;content_width&quot;:&quot;boxed&quot;}\" data-core-v316-plus=\"true\">\n\t\t\t\t\t<div class=\"e-con-inner\">\n\t\t<div class=\"elementor-element elementor-element-2e488d5 e-con-full e-flex e-con e-child\" data-id=\"2e488d5\" data-element_type=\"container\" data-settings=\"{&quot;content_width&quot;:&quot;full&quot;}\">\n\t\t\t\t<div class=\"elementor-element elementor-element-d45d8c3 elementor-widget elementor-widget-text-editor\" data-id=\"d45d8c3\" data-element_type=\"widget\" data-widget_type=\"text-editor.default\">\n\t\t\t\t<div class=\"elementor-widget-container\">\n\t\t\t\t\t\t\t<div class=\"elementor-element elementor-element-4ee103d elementor-widget elementor-widget-heading\" data-id=\"4ee103d\" data-element_type=\"widget\" data-widget_type=\"heading.default\"><div class=\"elementor-widget-container\"><h2 class=\"elementor-heading-title elementor-size-default\">Avocados Party, LLC<\/h2><\/div><\/div><div class=\"elementor-element elementor-element-50448e1 elementor-widget elementor-widget-text-editor\" data-id=\"50448e1\" data-element_type=\"widget\" data-widget_type=\"text-editor.default\"><div class=\"elementor-widget-container\"><p>Inversionista de empresa en NZ. Esta compa\u00f1\u00eda recibe ingresos por intereses a partir del 2024<\/p><\/div><\/div>\t\t\t\t\t\t<\/div>\n\t\t\t\t<\/div>\n\t\t\t\t<\/div>\n\t\t<div class=\"elementor-element elementor-element-518f770 e-con-full e-flex e-con e-child\" data-id=\"518f770\" data-element_type=\"container\" data-settings=\"{&quot;content_width&quot;:&quot;full&quot;}\">\n\t\t\t\t<div class=\"elementor-element elementor-element-878d62a elementor-widget elementor-widget-image\" data-id=\"878d62a\" data-element_type=\"widget\" data-widget_type=\"image.default\">\n\t\t\t\t<div class=\"elementor-widget-container\">\n\t\t\t\t\t\t\t\t\t\t\t\t\t\t\t<img decoding=\"async\" width=\"467\" height=\"431\" src=\"https:\/\/sari-holding.com\/wp-content\/uploads\/2023\/11\/Avocados_Party.png\" class=\"attachment-large size-large wp-image-51\" alt=\"\" srcset=\"https:\/\/sari-holding.com\/wp-content\/uploads\/2023\/11\/Avocados_Party.png 467w, https:\/\/sari-holding.com\/wp-content\/uploads\/2023\/11\/Avocados_Party-300x277.png 300w\" sizes=\"100vw\" \/>\t\t\t\t\t\t\t\t\t\t\t\t\t\t\t<\/div>\n\t\t\t\t<\/div>\n\t\t\t\t<\/div>\n\t\t\t\t\t<\/div>\n\t\t\t\t<\/div>\n\t\t\t\t\t\t\t<\/div>\n\t\t","protected":false},"excerpt":{"rendered":"<p>Sari Holding se integra por 4 compa\u00f1\u00edas INTEGRITY INSIDE Con operaciones en M\u00e9xico y con expansi\u00f3n a USA. Actualmente la empresa esta certific\u00e1ndose para poder ofrecer este servicio en USA Carjim Holdings, LLC Empresa de Real Estate. Compra \u2013 Remodelaci\u00f3n y venta de propiedades. Venta de casas, inmuebles y terrenos. Buscamos las mejores propiedades para\u00a0 &hellip; <\/p>\n<p class=\"link-more\"><a href=\"https:\/\/sari-holding.com\/\" class=\"more-link\">Read more<span class=\"screen-reader-text\"> &#8220;Inicio&#8221;<\/span><\/a><\/p>\n","protected":false},"author":1,"featured_media":0,"parent":0,"menu_order":0,"comment_status":"closed","ping_status":"closed","template":"","meta":{"footnotes":""},"_links":{"self":[{"href":"https:\/\/sari-holding.com\/index.php?rest_route=\/wp\/v2\/pages\/12"}],"collection":[{"href":"https:\/\/sari-holding.com\/index.php?rest_route=\/wp\/v2\/pages"}],"about":[{"href":"https:\/\/sari-holding.com\/index.php?rest_route=\/wp\/v2\/types\/page"}],"author":[{"embeddable":true,"href":"https:\/\/sari-holding.com\/index.php?rest_route=\/wp\/v2\/users\/1"}],"replies":[{"embeddable":true,"href":"https:\/\/sari-holding.com\/index.php?rest_route=%2Fwp%2Fv2%2Fcomments&post=12"}],"version-history":[{"count":10,"href":"https:\/\/sari-holding.com\/index.php?rest_route=\/wp\/v2\/pages\/12\/revisions"}],"predecessor-version":[{"id":143,"href":"https:\/\/sari-holding.com\/index.php?rest_route=\/wp\/v2\/pages\/12\/revisions\/143"}],"wp:attachment":[{"href":"https:\/\/sari-holding.com\/index.php?rest_route=%2Fwp%2Fv2%2Fmedia&parent=12"}],"curies":[{"name":"wp","href":"https:\/\/api.w.org\/{rel}","templated":true}]}}